{"id":407,"date":"2023-02-14T14:10:47","date_gmt":"2023-02-14T14:10:47","guid":{"rendered":"https:\/\/estudiojuridicocarmona.com.ar\/estudio\/?page_id=407"},"modified":"2023-02-14T18:19:52","modified_gmt":"2023-02-14T18:19:52","slug":"consultas-virtuales","status":"publish","type":"page","link":"https:\/\/estudiojuridicocarmona.com.ar\/estudio\/consultas-virtuales\/","title":{"rendered":"Consultas Virtuales"},"content":{"rendered":"\t\t<div data-elementor-type=\"wp-page\" data-elementor-id=\"407\" class=\"elementor elementor-407\">\n\t\t\t\t\t\t<section class=\"elementor-section elementor-top-section elementor-element elementor-element-e35ed0b elementor-section-full_width elementor-section-height-default elementor-section-height-default\" data-id=\"e35ed0b\" data-element_type=\"section\" data-e-type=\"section\" data-settings=\"{&quot;background_background&quot;:&quot;classic&quot;}\">\n\t\t\t\t\t\t<div class=\"elementor-container elementor-column-gap-default\">\n\t\t\t\t\t<div class=\"elementor-column elementor-col-100 elementor-top-column elementor-element elementor-element-bc58f72\" data-id=\"bc58f72\" data-element_type=\"column\" data-e-type=\"column\">\n\t\t\t<div class=\"elementor-widget-wrap elementor-element-populated\">\n\t\t\t\t\t\t<div class=\"elementor-element elementor-element-b66da30 elementor-widget elementor-widget-spacer\" data-id=\"b66da30\" data-element_type=\"widget\" data-e-type=\"widget\" data-widget_type=\"spacer.default\">\n\t\t\t\t<div class=\"elementor-widget-container\">\n\t\t\t\t\t\t\t<div class=\"elementor-spacer\">\n\t\t\t<div class=\"elementor-spacer-inner\"><\/div>\n\t\t<\/div>\n\t\t\t\t\t\t<\/div>\n\t\t\t\t<\/div>\n\t\t\t\t\t<\/div>\n\t\t<\/div>\n\t\t\t\t\t<\/div>\n\t\t<\/section>\n\t\t\t\t<section class=\"elementor-section elementor-top-section elementor-element elementor-element-e9b0f30 elementor-section-boxed elementor-section-height-default elementor-section-height-default\" data-id=\"e9b0f30\" data-element_type=\"section\" data-e-type=\"section\">\n\t\t\t\t\t\t<div class=\"elementor-container elementor-column-gap-default\">\n\t\t\t\t\t<div class=\"elementor-column elementor-col-50 elementor-top-column elementor-element elementor-element-e234af8\" data-id=\"e234af8\" data-element_type=\"column\" data-e-type=\"column\">\n\t\t\t<div class=\"elementor-widget-wrap elementor-element-populated\">\n\t\t\t\t\t\t<div class=\"elementor-element elementor-element-ff2f0a6 elementor-invisible elementor-widget elementor-widget-heading\" data-id=\"ff2f0a6\" data-element_type=\"widget\" data-e-type=\"widget\" data-settings=\"{&quot;_animation&quot;:&quot;bounceInRight&quot;}\" data-widget_type=\"heading.default\">\n\t\t\t\t<div class=\"elementor-widget-container\">\n\t\t\t\t\t<h2 class=\"elementor-heading-title elementor-size-default\">Constultas Virtuales<\/h2>\t\t\t\t<\/div>\n\t\t\t\t<\/div>\n\t\t\t\t<div class=\"elementor-element elementor-element-bc44902 elementor-widget elementor-widget-text-editor\" data-id=\"bc44902\" data-element_type=\"widget\" data-e-type=\"widget\" data-widget_type=\"text-editor.default\">\n\t\t\t\t<div class=\"elementor-widget-container\">\n\t\t\t\t\t\t\t\t\t<p>\u00bfEst\u00e1s buscando asesoramiento legal pero no puedes desplazarte f\u00e1cilmente? \u00a1No te preocupes! Nuestro estudio jur\u00eddico ofrece consultas judiciales virtuales a trav\u00e9s de nuestra p\u00e1gina web.<\/p><p>Con solo realizar una solicitud de entrevista en nuestra p\u00e1gina, podr\u00e1s acceder a nuestros servicios de asesoramiento legal desde la comodidad de tu hogar u oficina. <br \/>No importa d\u00f3nde te encuentres, nuestro equipo de abogados est\u00e1 disponible para ayudarte.<\/p><p>Te ofrecemos una amplia gama de servicios, desde asesoramiento en temas legales como contratos, derecho laboral, derecho de familia, entre otros. Adem\u00e1s, nuestros abogados est\u00e1n altamente capacitados y cuentan con amplia experiencia en la materia.<\/p><p>No pierdas m\u00e1s tiempo y solicita tu entrevista virtual con nosotros. <br \/>Te indicaremos los horarios y fechas disponibles para que puedas elegir el que mejor se ajuste a tus necesidades.<br \/>Complet\u00e1 el siguiente Formulario de Consultas virtuales y te contactaremos para coordinar los horarios disponible.<br \/><b>La primer consulta es \u00abBonificada\u00bb<\/b><br \/>\u00a0\u00a1Te esperamos<\/p>\t\t\t\t\t\t\t\t<\/div>\n\t\t\t\t<\/div>\n\t\t\t\t\t<\/div>\n\t\t<\/div>\n\t\t\t\t<div class=\"elementor-column elementor-col-50 elementor-top-column elementor-element elementor-element-b4828db\" data-id=\"b4828db\" data-element_type=\"column\" data-e-type=\"column\">\n\t\t\t<div class=\"elementor-widget-wrap elementor-element-populated\">\n\t\t\t\t\t\t<div class=\"elementor-element elementor-element-4fd2937 elementor-invisible elementor-widget elementor-widget-heading\" data-id=\"4fd2937\" data-element_type=\"widget\" data-e-type=\"widget\" data-settings=\"{&quot;_animation&quot;:&quot;bounceInRight&quot;}\" data-widget_type=\"heading.default\">\n\t\t\t\t<div class=\"elementor-widget-container\">\n\t\t\t\t\t<h4 class=\"elementor-heading-title elementor-size-default\">Formulario de Constultas Virtuales<\/h4>\t\t\t\t<\/div>\n\t\t\t\t<\/div>\n\t\t\t\t<div class=\"elementor-element elementor-element-7a0acd0 elementor-widget elementor-widget-html\" data-id=\"7a0acd0\" data-element_type=\"widget\" data-e-type=\"widget\" data-widget_type=\"html.default\">\n\t\t\t\t<div class=\"elementor-widget-container\">\n\t\t\t\t\t <form action=\"http:\/\/estudiojuridicocarmona.com.ar\/formulario_adjunto\/\/contacto_zoom.php\" method=\"post\" enctype=\"multipart\/form-data\" name=\"contact\" target=\"_parent\" id=\"contact\">\r\n           <p><br \/>\r\n             <font color=\"#000033\"> \r\n               <input  name=\"nombre\" type=\"text\" autofocus required placeholder=\"Nombre y Apellido\" tabindex=\"1\" size=\"40\" class=\"text\"\/>\r\n             <\/font>            \r\n            <\/p>\r\n\t\t\t  \r\n\t\t\t<p><br \/>\r\n             <font color=\"#000033\"> \r\n               <input  name=\"dni\" type=\"text\" autofocus required placeholder=\"Ingrese DNI\" tabindex=\"1\" size=\"40\" class=\"text\"\/>\r\n             <\/font>            \r\n            <\/p>\t\t  \r\n\t\t\t  \r\n           <p><br \/>\r\n             <font color=\"#000033\"> \r\n\t\t\t\t <input  name=\"telefono\" type=\"text\" autofocus required placeholder=\"Tel\u00e9fono\" tabindex=\"1\" size=\"40\"  class=\"text\"\/>\r\n             <\/font>\r\n  <\/p>\r\n\t\t\t  \r\n\t\t\t<p><br \/>\r\n             <font color=\"#000033\"> \r\n               <input  name=\"direccion\" type=\"text\" autofocus required placeholder=\"Direccion\" tabindex=\"1\" size=\"40\" class=\"text\"\/>\r\n             <\/font>            \r\n            <\/p>\t\t  \r\n\t\t\t  \r\n\t\t\t  <p><br \/>\r\n             \r\n             <font color=\"#000033\">  <input name=\"email\" placeholder=\"Tu Email\" type=\"email\" tabindex=\"1\" required size=\"40\" class=\"text\" >\r\n             <\/font>\r\n             \r\n            <\/p>\r\n           <p><br \/>\r\n             \r\n             <font color=\"#000033\"> \r\n             <textarea name=\"mensaje\" cols=\"40\" rows=\"3\" required placeholder=\"Escribe un detalle del motivo de tu consulta....\" tabindex=\"5\"><\/textarea>\r\n             <\/font>\r\n             \r\n           <\/p>\r\n           <p>&nbsp;<\/p>\r\n           <div class=\"col-md-7\">\r\n                           <div class=\"row\">\r\n                            <div class=\"col-md-12\">\r\n                              <div class=\"mb-3 files color\">\r\n                                <label> Seleccione:  Archivo <\/label>\r\n                                <input type=\"file\" class=\"form-control\" name=\"resume\" accept=\"image\/*, .pdf\">\r\n                           \t\t<input type=\"hidden\" name=\"MAX_FILE_SIZE\" value=\"1024\">\r\n                              <\/div>\r\n           <\/div>\r\n          <\/div>\r\n            <\/div>\r\n\t<\/div>\t\t  \r\n\t\t\t  \r\n<br>\r\n\t\t<div class=\"mb-3\" align=\"center\">\r\n\t\t<button name=\"submit\" value=\"\" class=\"btn btn-primary\">Enviar Consulta<\/button>\r\n\t\t\t<\/div>           \r\n\t\t<br>\r\n            \r\n          <\/form>\t\t\t\t<\/div>\n\t\t\t\t<\/div>\n\t\t\t\t\t<\/div>\n\t\t<\/div>\n\t\t\t\t\t<\/div>\n\t\t<\/section>\n\t\t\t\t<section class=\"elementor-section elementor-top-section elementor-element elementor-element-1258b47 elementor-section-boxed elementor-section-height-default elementor-section-height-default\" data-id=\"1258b47\" data-element_type=\"section\" data-e-type=\"section\">\n\t\t\t\t\t\t<div class=\"elementor-container elementor-column-gap-default\">\n\t\t\t\t\t<div class=\"elementor-column elementor-col-100 elementor-top-column elementor-element elementor-element-02993d5\" data-id=\"02993d5\" data-element_type=\"column\" data-e-type=\"column\">\n\t\t\t<div class=\"elementor-widget-wrap elementor-element-populated\">\n\t\t\t\t\t\t<div class=\"elementor-element elementor-element-1b59107 premium-modal-dismissible-yes elementor-widget elementor-widget-premium-addon-modal-box\" data-id=\"1b59107\" data-element_type=\"widget\" data-e-type=\"widget\" data-settings=\"{&quot;premium_modal_box_animation&quot;:&quot;fadeInDown&quot;}\" data-widget_type=\"premium-addon-modal-box.default\">\n\t\t\t\t<div class=\"elementor-widget-container\">\n\t\t\t\t\t\n\t\t<div class=\"premium-modal-box-container\" data-settings=\"{&quot;trigger&quot;:&quot;button&quot;,&quot;show_on_exit&quot;:false}\">\n\t\t\t<div class=\"premium-modal-trigger-container\">\n\t\t\t\t\t\t\t\t\t<button data-toggle=\"premium-modal\" data-target=\"#premium-modal-1b59107\" type=\"button\" class=\"premium-modal-trigger-btn premium-btn-lg premium-button-none \" data-text=\"Extensiones premium\">\n\n\t\t\t\t\t\t\n\t\t\t\t\t\t<div class=\"premium-button-text-icon-wrapper\">\n\t\t\t\t\t\t\t<span>Extensiones premium<\/span>\n\t\t\t\t\t\t<\/div>\n\n\t\t\t\t\t\t\n\t\t\t\t\t\t\n\t\t\t\t\t\t\n\t\t\t\t\t<\/button>\n\t\t\t\t\t\t\t<\/div>\n\n\t\t\t<div id=\"premium-modal-1b59107\" class=\"premium-modal-box-modal\"\n\t\t\trole=\"dialog\"\n\t\t\tstyle=\"display: none\"\n\t\t\t>\n\t\t\t\t<div class=\"premium-modal-box-modal-dialog\" data-delay-animation=\"\" data-modal-animation=\"fadeInDown animated-fast\">\n\t\t\t\t\t\t\t\t\t\t\t<div class=\"premium-modal-box-modal-header\">\n\t\t\t\t\t\t\t\t\t\t\t\t\t\t\t<h3 class=\"premium-modal-box-modal-title\">\n\t\t\t\t\t\t\t\t\tModal Box Title\t\t\t\t\t\t\t\t<\/h3>\n\t\t\t\t\t\t\t\t\t\t\t\t\t\t\t\t\t\t\t\t\t\t<div class=\"premium-modal-box-close-button-container\">\n\t\t\t\t\t\t\t\t\t<button type=\"button\" class=\"premium-modal-box-modal-close\" data-dismiss=\"premium-modal\">&times;<\/button>\n\t\t\t\t\t\t\t\t<\/div>\n\t\t\t\t\t\t\t\t\t\t\t\t\t<\/div>\n\t\t\t\t\t\t\t\t\t\t<div class=\"premium-modal-box-modal-body\">\n\t\t\t\t\t\t\t\t\t\t\t\t\tModal Box Content\n\t\t\t\t\t\t\t\t\t\t\t<\/div>\n\t\t\t\t\t\t\t\t\t\t\t<div class=\"premium-modal-box-modal-footer\">\n\t\t\t\t\t\t\t<button type=\"button\" class=\"premium-modal-box-modal-lower-close\" data-dismiss=\"premium-modal\">\n\t\t\t\t\t\t\t\tCerrar\t\t\t\t\t\t\t<\/button>\n\t\t\t\t\t\t<\/div>\n\t\t\t\t\t\t\t\t\t<\/div>\n\t\t\t<\/div>\n\t\t<\/div>\n\t\t\t\t\t\t<\/div>\n\t\t\t\t<\/div>\n\t\t\t\t\t<\/div>\n\t\t<\/div>\n\t\t\t\t\t<\/div>\n\t\t<\/section>\n\t\t\t\t<\/div>\n\t\t","protected":false},"excerpt":{"rendered":"<p>Constultas Virtuales \u00bfEst\u00e1s buscando asesoramiento legal pero no puedes desplazarte f\u00e1cilmente? \u00a1No te preocupes! Nuestro estudio jur\u00eddico ofrece consultas judiciales virtuales a trav\u00e9s de nuestra p\u00e1gina web. Con solo realizar una solicitud de entrevista en nuestra p\u00e1gina, podr\u00e1s acceder a nuestros servicios de asesoramiento legal desde la comodidad de tu hogar u oficina. No importa [&hellip;]<\/p>\n","protected":false},"author":2,"featured_media":0,"parent":0,"menu_order":0,"comment_status":"closed","ping_status":"closed","template":"","meta":{"site-sidebar-layout":"no-sidebar","site-content-layout":"page-builder","ast-site-content-layout":"default","site-content-style":"default","site-sidebar-style":"default","ast-global-header-display":"","ast-banner-title-visibility":"","ast-main-header-display":"","ast-hfb-above-header-display":"","ast-hfb-below-header-display":"","ast-hfb-mobile-header-display":"","site-post-title":"disabled","ast-breadcrumbs-content":"","ast-featured-img":"disabled","footer-sml-layout":"","ast-disable-related-posts":"","theme-transparent-header-meta":"","adv-header-id-meta":"","stick-header-meta":"","header-above-stick-meta":"","header-main-stick-meta":"","header-below-stick-meta":"","astra-migrate-meta-layouts":"default","ast-page-background-enabled":"default","ast-page-background-meta":{"desktop":{"background-color":"var(--ast-global-color-4)","background-image":"","background-repeat":"repeat","background-position":"center center","background-size":"auto","background-attachment":"scroll","background-type":"","background-media":"","overlay-type":"","overlay-color":"","overlay-opacity":"","overlay-gradient":""},"tablet":{"background-color":"","background-image":"","background-repeat":"repeat","background-position":"center center","background-size":"auto","background-attachment":"scroll","background-type":"","background-media":"","overlay-type":"","overlay-color":"","overlay-opacity":"","overlay-gradient":""},"mobile":{"background-color":"","background-image":"","background-repeat":"repeat","background-position":"center center","background-size":"auto","background-attachment":"scroll","background-type":"","background-media":"","overlay-type":"","overlay-color":"","overlay-opacity":"","overlay-gradient":""}},"ast-content-background-meta":{"desktop":{"background-color":"var(--ast-global-color-5)","background-image":"","background-repeat":"repeat","background-position":"center center","background-size":"auto","background-attachment":"scroll","background-type":"","background-media":"","overlay-type":"","overlay-color":"","overlay-opacity":"","overlay-gradient":""},"tablet":{"background-color":"var(--ast-global-color-5)","background-image":"","background-repeat":"repeat","background-position":"center center","background-size":"auto","background-attachment":"scroll","background-type":"","background-media":"","overlay-type":"","overlay-color":"","overlay-opacity":"","overlay-gradient":""},"mobile":{"background-color":"var(--ast-global-color-5)","background-image":"","background-repeat":"repeat","background-position":"center center","background-size":"auto","background-attachment":"scroll","background-type":"","background-media":"","overlay-type":"","overlay-color":"","overlay-opacity":"","overlay-gradient":""}},"footnotes":""},"class_list":["post-407","page","type-page","status-publish","hentry"],"_links":{"self":[{"href":"https:\/\/estudiojuridicocarmona.com.ar\/estudio\/wp-json\/wp\/v2\/pages\/407","targetHints":{"allow":["GET"]}}],"collection":[{"href":"https:\/\/estudiojuridicocarmona.com.ar\/estudio\/wp-json\/wp\/v2\/pages"}],"about":[{"href":"https:\/\/estudiojuridicocarmona.com.ar\/estudio\/wp-json\/wp\/v2\/types\/page"}],"author":[{"embeddable":true,"href":"https:\/\/estudiojuridicocarmona.com.ar\/estudio\/wp-json\/wp\/v2\/users\/2"}],"replies":[{"embeddable":true,"href":"https:\/\/estudiojuridicocarmona.com.ar\/estudio\/wp-json\/wp\/v2\/comments?post=407"}],"version-history":[{"count":34,"href":"https:\/\/estudiojuridicocarmona.com.ar\/estudio\/wp-json\/wp\/v2\/pages\/407\/revisions"}],"predecessor-version":[{"id":459,"href":"https:\/\/estudiojuridicocarmona.com.ar\/estudio\/wp-json\/wp\/v2\/pages\/407\/revisions\/459"}],"wp:attachment":[{"href":"https:\/\/estudiojuridicocarmona.com.ar\/estudio\/wp-json\/wp\/v2\/media?parent=407"}],"curies":[{"name":"wp","href":"https:\/\/api.w.org\/{rel}","templated":true}]}}