{"id":126,"date":"2022-08-29T19:27:42","date_gmt":"2022-08-29T19:27:42","guid":{"rendered":"https:\/\/estudiojuridicocarmona.com.ar\/estudio\/?page_id=126"},"modified":"2022-09-13T01:54:36","modified_gmt":"2022-09-13T01:54:36","slug":"derecho-penal","status":"publish","type":"page","link":"https:\/\/estudiojuridicocarmona.com.ar\/estudio\/derecho-penal\/","title":{"rendered":"Derecho Penal"},"content":{"rendered":"\t\t<div data-elementor-type=\"wp-page\" data-elementor-id=\"126\" class=\"elementor elementor-126\">\n\t\t\t\t\t\t<section class=\"elementor-section elementor-top-section elementor-element elementor-element-85bec1a elementor-section-full_width animated-slow elementor-section-height-default elementor-section-height-default elementor-invisible\" data-id=\"85bec1a\" data-element_type=\"section\" data-e-type=\"section\" data-settings=\"{&quot;background_background&quot;:&quot;classic&quot;,&quot;animation&quot;:&quot;fadeIn&quot;}\">\n\t\t\t\t\t\t\t<div class=\"elementor-background-overlay\"><\/div>\n\t\t\t\t\t\t\t<div class=\"elementor-container elementor-column-gap-default\">\n\t\t\t\t\t<div class=\"elementor-column elementor-col-100 elementor-top-column elementor-element elementor-element-349df925\" data-id=\"349df925\" data-element_type=\"column\" data-e-type=\"column\">\n\t\t\t<div class=\"elementor-widget-wrap elementor-element-populated\">\n\t\t\t\t\t\t<div class=\"elementor-element elementor-element-65e04021 elementor-widget elementor-widget-spacer\" data-id=\"65e04021\" data-element_type=\"widget\" data-e-type=\"widget\" data-widget_type=\"spacer.default\">\n\t\t\t\t<div class=\"elementor-widget-container\">\n\t\t\t\t\t\t\t<div class=\"elementor-spacer\">\n\t\t\t<div class=\"elementor-spacer-inner\"><\/div>\n\t\t<\/div>\n\t\t\t\t\t\t<\/div>\n\t\t\t\t<\/div>\n\t\t\t\t\t<\/div>\n\t\t<\/div>\n\t\t\t\t\t<\/div>\n\t\t<\/section>\n\t\t\t\t<section class=\"elementor-section elementor-top-section elementor-element elementor-element-63fabe71 elementor-section-full_width elementor-section-height-default elementor-section-height-default\" data-id=\"63fabe71\" data-element_type=\"section\" data-e-type=\"section\" data-settings=\"{&quot;background_background&quot;:&quot;classic&quot;}\">\n\t\t\t\t\t\t\t<div class=\"elementor-background-overlay\"><\/div>\n\t\t\t\t\t\t\t<div class=\"elementor-container elementor-column-gap-default\">\n\t\t\t\t\t<div class=\"elementor-column elementor-col-100 elementor-top-column elementor-element elementor-element-3c862995\" data-id=\"3c862995\" data-element_type=\"column\" data-e-type=\"column\">\n\t\t\t<div class=\"elementor-widget-wrap elementor-element-populated\">\n\t\t\t\t\t\t<div class=\"elementor-element elementor-element-6d66c177 elementor-invisible elementor-widget elementor-widget-heading\" data-id=\"6d66c177\" data-element_type=\"widget\" data-e-type=\"widget\" data-settings=\"{&quot;_animation&quot;:&quot;bounceInRight&quot;}\" data-widget_type=\"heading.default\">\n\t\t\t\t<div class=\"elementor-widget-container\">\n\t\t\t\t\t<h2 class=\"elementor-heading-title elementor-size-default\">Derecho Penal<\/h2>\t\t\t\t<\/div>\n\t\t\t\t<\/div>\n\t\t\t\t<section class=\"elementor-section elementor-inner-section elementor-element elementor-element-1e207834 elementor-section-boxed elementor-section-height-default elementor-section-height-default\" data-id=\"1e207834\" data-element_type=\"section\" data-e-type=\"section\">\n\t\t\t\t\t\t<div class=\"elementor-container elementor-column-gap-default\">\n\t\t\t\t\t<div class=\"elementor-column elementor-col-50 elementor-inner-column elementor-element elementor-element-5bf139fd\" data-id=\"5bf139fd\" data-element_type=\"column\" data-e-type=\"column\">\n\t\t\t<div class=\"elementor-widget-wrap elementor-element-populated\">\n\t\t\t\t\t\t<div class=\"elementor-element elementor-element-56a1ed3e animated-slow elementor-invisible elementor-widget elementor-widget-text-editor\" data-id=\"56a1ed3e\" data-element_type=\"widget\" data-e-type=\"widget\" data-settings=\"{&quot;_animation&quot;:&quot;bounceIn&quot;}\" data-widget_type=\"text-editor.default\">\n\t\t\t\t<div class=\"elementor-widget-container\">\n\t\t\t\t\t\t\t\t\t<p><img decoding=\"async\" class=\"alignnone wp-image-328\" src=\"http:\/\/estudiojuridicocarmona.com.ar\/estudio\/wp-content\/uploads\/2022\/09\/flecha1.gif\" alt=\"\" width=\"3\" height=\"5\" \/> Asistencia en comisaria<br \/><img decoding=\"async\" class=\"alignnone wp-image-328\" src=\"http:\/\/estudiojuridicocarmona.com.ar\/estudio\/wp-content\/uploads\/2022\/09\/flecha1.gif\" alt=\"\" width=\"3\" height=\"5\" \/> Homicidio<br \/><img decoding=\"async\" class=\"alignnone wp-image-328\" src=\"http:\/\/estudiojuridicocarmona.com.ar\/estudio\/wp-content\/uploads\/2022\/09\/flecha1.gif\" alt=\"\" width=\"3\" height=\"5\" \/> Excarcelaci\u00f3n<br \/><img decoding=\"async\" class=\"alignnone wp-image-328\" src=\"http:\/\/estudiojuridicocarmona.com.ar\/estudio\/wp-content\/uploads\/2022\/09\/flecha1.gif\" alt=\"\" width=\"3\" height=\"5\" \/> Eximici\u00f3n de Prisi\u00f3n<\/p>\t\t\t\t\t\t\t\t<\/div>\n\t\t\t\t<\/div>\n\t\t\t\t\t<\/div>\n\t\t<\/div>\n\t\t\t\t<div class=\"elementor-column elementor-col-50 elementor-inner-column elementor-element elementor-element-37ff40b7\" data-id=\"37ff40b7\" data-element_type=\"column\" data-e-type=\"column\">\n\t\t\t<div class=\"elementor-widget-wrap elementor-element-populated\">\n\t\t\t\t\t\t<div class=\"elementor-element elementor-element-53dd1ef animated-slow elementor-invisible elementor-widget elementor-widget-text-editor\" data-id=\"53dd1ef\" data-element_type=\"widget\" data-e-type=\"widget\" data-settings=\"{&quot;_animation&quot;:&quot;bounceIn&quot;}\" data-widget_type=\"text-editor.default\">\n\t\t\t\t<div class=\"elementor-widget-container\">\n\t\t\t\t\t\t\t\t\t<p><img decoding=\"async\" class=\"alignnone wp-image-328\" src=\"http:\/\/estudiojuridicocarmona.com.ar\/estudio\/wp-content\/uploads\/2022\/09\/flecha1.gif\" alt=\"\" width=\"3\" height=\"5\" \/> Violencia de Genero<br \/><img decoding=\"async\" class=\"alignnone wp-image-328\" src=\"http:\/\/estudiojuridicocarmona.com.ar\/estudio\/wp-content\/uploads\/2022\/09\/flecha1.gif\" alt=\"\" width=\"3\" height=\"5\" \/> Estafas<br \/><img decoding=\"async\" class=\"alignnone wp-image-328\" src=\"http:\/\/estudiojuridicocarmona.com.ar\/estudio\/wp-content\/uploads\/2022\/09\/flecha1.gif\" alt=\"\" width=\"3\" height=\"5\" \/> Debates Orales<br \/><img decoding=\"async\" class=\"alignnone wp-image-328\" src=\"http:\/\/estudiojuridicocarmona.com.ar\/estudio\/wp-content\/uploads\/2022\/09\/flecha1.gif\" alt=\"\" width=\"3\" height=\"5\" \/> Particular Damnificado<\/p>\t\t\t\t\t\t\t\t<\/div>\n\t\t\t\t<\/div>\n\t\t\t\t\t<\/div>\n\t\t<\/div>\n\t\t\t\t\t<\/div>\n\t\t<\/section>\n\t\t\t\t\t<\/div>\n\t\t<\/div>\n\t\t\t\t\t<\/div>\n\t\t<\/section>\n\t\t\t\t<\/div>\n\t\t","protected":false},"excerpt":{"rendered":"<p>Derecho Penal Asistencia en comisaria Homicidio Excarcelaci\u00f3n Eximici\u00f3n de Prisi\u00f3n Violencia de Genero Estafas Debates Orales Particular Damnificado<\/p>\n","protected":false},"author":2,"featured_media":0,"parent":0,"menu_order":0,"comment_status":"closed","ping_status":"closed","template":"","meta":{"site-sidebar-layout":"no-sidebar","site-content-layout":"page-builder","ast-site-content-layout":"default","site-content-style":"default","site-sidebar-style":"default","ast-global-header-display":"","ast-banner-title-visibility":"","ast-main-header-display":"","ast-hfb-above-header-display":"","ast-hfb-below-header-display":"","ast-hfb-mobile-header-display":"","site-post-title":"disabled","ast-breadcrumbs-content":"","ast-featured-img":"disabled","footer-sml-layout":"","ast-disable-related-posts":"","theme-transparent-header-meta":"","adv-header-id-meta":"","stick-header-meta":"","header-above-stick-meta":"","header-main-stick-meta":"","header-below-stick-meta":"","astra-migrate-meta-layouts":"default","ast-page-background-enabled":"default","ast-page-background-meta":{"desktop":{"background-color":"var(--ast-global-color-4)","background-image":"","background-repeat":"repeat","background-position":"center center","background-size":"auto","background-attachment":"scroll","background-type":"","background-media":"","overlay-type":"","overlay-color":"","overlay-opacity":"","overlay-gradient":""},"tablet":{"background-color":"","background-image":"","background-repeat":"repeat","background-position":"center center","background-size":"auto","background-attachment":"scroll","background-type":"","background-media":"","overlay-type":"","overlay-color":"","overlay-opacity":"","overlay-gradient":""},"mobile":{"background-color":"","background-image":"","background-repeat":"repeat","background-position":"center center","background-size":"auto","background-attachment":"scroll","background-type":"","background-media":"","overlay-type":"","overlay-color":"","overlay-opacity":"","overlay-gradient":""}},"ast-content-background-meta":{"desktop":{"background-color":"var(--ast-global-color-5)","background-image":"","background-repeat":"repeat","background-position":"center center","background-size":"auto","background-attachment":"scroll","background-type":"","background-media":"","overlay-type":"","overlay-color":"","overlay-opacity":"","overlay-gradient":""},"tablet":{"background-color":"var(--ast-global-color-5)","background-image":"","background-repeat":"repeat","background-position":"center center","background-size":"auto","background-attachment":"scroll","background-type":"","background-media":"","overlay-type":"","overlay-color":"","overlay-opacity":"","overlay-gradient":""},"mobile":{"background-color":"var(--ast-global-color-5)","background-image":"","background-repeat":"repeat","background-position":"center center","background-size":"auto","background-attachment":"scroll","background-type":"","background-media":"","overlay-type":"","overlay-color":"","overlay-opacity":"","overlay-gradient":""}},"footnotes":""},"class_list":["post-126","page","type-page","status-publish","hentry"],"_links":{"self":[{"href":"https:\/\/estudiojuridicocarmona.com.ar\/estudio\/wp-json\/wp\/v2\/pages\/126","targetHints":{"allow":["GET"]}}],"collection":[{"href":"https:\/\/estudiojuridicocarmona.com.ar\/estudio\/wp-json\/wp\/v2\/pages"}],"about":[{"href":"https:\/\/estudiojuridicocarmona.com.ar\/estudio\/wp-json\/wp\/v2\/types\/page"}],"author":[{"embeddable":true,"href":"https:\/\/estudiojuridicocarmona.com.ar\/estudio\/wp-json\/wp\/v2\/users\/2"}],"replies":[{"embeddable":true,"href":"https:\/\/estudiojuridicocarmona.com.ar\/estudio\/wp-json\/wp\/v2\/comments?post=126"}],"version-history":[{"count":16,"href":"https:\/\/estudiojuridicocarmona.com.ar\/estudio\/wp-json\/wp\/v2\/pages\/126\/revisions"}],"predecessor-version":[{"id":348,"href":"https:\/\/estudiojuridicocarmona.com.ar\/estudio\/wp-json\/wp\/v2\/pages\/126\/revisions\/348"}],"wp:attachment":[{"href":"https:\/\/estudiojuridicocarmona.com.ar\/estudio\/wp-json\/wp\/v2\/media?parent=126"}],"curies":[{"name":"wp","href":"https:\/\/api.w.org\/{rel}","templated":true}]}}